{"id":15,"date":"2013-02-03T16:26:56","date_gmt":"2013-02-03T14:26:56","guid":{"rendered":"http:\/\/ski.dg7nfo.net\/?page_id=15"},"modified":"2025-12-14T19:15:33","modified_gmt":"2025-12-14T17:15:33","slug":"allgemeines","status":"publish","type":"page","link":"http:\/\/skilift-wildental.at\/?page_id=15","title":{"rendered":"Allgemeines"},"content":{"rendered":"<p style=\"text-align: left;\"><strong><img loading=\"lazy\" decoding=\"async\" class=\"alignright size-full wp-image-175\" src=\"http:\/\/skilift-wildental.at\/wp-content\/uploads\/2013\/04\/IMG_6029.jpg\" alt=\"IMG_6029\" width=\"270\" height=\"180\">Anfahrt:<br \/>\n<\/strong>Von der Autobahn (A7 \/ A980) kommend \u00fcber die B19 im Kreisverkehr direkt vor Oberstdorf gleich die erste Ausfahrt nehmen. Man f\u00e4hrt im weiteren Verlauf eine leicht kurvige Strecke bergauf, passiert die ehemalige Zollstation und kommt schlie\u00dflich in den ersten Ort im Kleinwalsertal (Riezlern). Nachdem die Hauptstrasse von Riezlern (Walserstra\u00dfe) durchfahren wurde, gelangt man&nbsp;nach einem kurzen freien St\u00fcck in die n\u00e4chste Ortschaft (Hirschegg). Auch&nbsp;in diesem Fall&nbsp;folgt man weiter der Walserstra\u00dfe bis man in den n\u00e4chsten Ort (Mittelberg) gelangt. In Mittelberg selbst f\u00e4hrt man weiter in Richtung Kirche und biegt dann ca. 150m vorher nach links in die B\u00f6dmerstra\u00dfe ab. Dem Stra\u00dfenverlauf&nbsp;folgt man bis zur n\u00e4chsten&nbsp;gr\u00f6\u00dferen Abzweigung nach links in die Wildentalstra\u00dfe. Diese Stra\u00dfe f\u00e4hrt man ca. 1,5km entlang, bis linksseitig der gro\u00dfe Parkplatz eines Hotels zu sehen ist.&nbsp;In etwa 100m befindet sich rechts am Hang dann der Wildentallift.<\/p>\n<p><strong>Betriebszeiten in der Saison 2025\/2026:<\/strong><img loading=\"lazy\" decoding=\"async\" class=\"alignright size-full wp-image-177\" src=\"http:\/\/skilift-wildental.at\/wp-content\/uploads\/2013\/04\/IMG_6111.jpg\" alt=\"IMG_6111\" width=\"270\" height=\"180\"><br \/>\n22.12.2025 &#8211; 06.04.2026 (je nach Schneelage)<br \/>\nT\u00e4glich von 09:00 bis 16:30 Uhr (durchgehend)<\/p>\n<p style=\"text-align: left;\"><strong>Was ist an der Kasse am Lift&nbsp;alles erh\u00e4ltlich:<\/strong><br \/>\n\u2022 Skipass Kleinwalsertal-Oberstdorf<br \/>\n\u2022 Tageskarte (f\u00fcr Anf\u00e4ngerlifte)<br \/>\n\u2022 2-\/3-Stundenkarten (f\u00fcr Anf\u00e4ngerlifte)<br \/>\n\u203a Die Liftkarten werden am Drehkreuz kontaktlos gelesen<br \/>\nund k\u00f6nnen daher z.B. in der linken Hosentasche verbleiben.<\/p>\n<p><strong>Pisten:<\/strong><br \/>\n\u2022 Panorama-Abfahrt: Blau<br \/>\n\u2022 Wildental-Abfahrt: Rot<br \/>\n\u2022 Waldabfahrt: Blau<br \/>\n\u2022 Skigleitweg ab dem Mittelausstieg f\u00fcr Anf\u00e4nger<\/p>\n<p style=\"text-align: left;\"><strong>Einkehrm\u00f6glichkeiten:<img loading=\"lazy\" decoding=\"async\" class=\"alignright size-full wp-image-176\" src=\"http:\/\/skilift-wildental.at\/wp-content\/uploads\/2013\/04\/IMG_6059.jpg\" alt=\"IMG_6059\" width=\"270\" height=\"180\"><\/strong><br \/>\n\u2022 Auf der Wildentalh\u00fctte<br \/>\n\u203a Mitten im Skigebiet, etwas unterhalb der Bergstation<br \/>\n\u2022 Im Gasthaus Alpenblick<br \/>\n\u203a Ca. 50m oberhalb der Talstation vom Lift<\/p>\n<p><strong>Bushaltestelle:<br \/>\n<\/strong>Direkt am Lift (Walserbus Linie 4 &#8211; H\u00f6fle)<\/p>\n<p><strong>Parkpl\u00e4tze:<br \/>\n<\/strong>Kostenlos direkt&nbsp;am Lift verf\u00fcgbar<\/p>\n","protected":false},"excerpt":{"rendered":"<p>Anfahrt: Von der Autobahn (A7 \/ A980) kommend \u00fcber die B19 im Kreisverkehr direkt vor Oberstdorf gleich die erste Ausfahrt nehmen. Man f\u00e4hrt im weiteren Verlauf eine leicht kurvige Strecke bergauf, passiert die ehemalige Zollstation und kommt schlie\u00dflich in den ersten Ort im Kleinwalsertal (Riezlern). Nachdem die Hauptstrasse von Riezlern (Walserstra\u00dfe) durchfahren wurde, gelangt man&nbsp;nach &hellip; <a href=\"http:\/\/skilift-wildental.at\/?page_id=15\" class=\"more-link\"><span class=\"screen-reader-text\">\u201eAllgemeines\u201c <\/span>weiterlesen<\/a><\/p>\n","protected":false},"author":1,"featured_media":0,"parent":0,"menu_order":0,"comment_status":"closed","ping_status":"closed","template":"","meta":{"ngg_post_thumbnail":0,"footnotes":""},"class_list":["post-15","page","type-page","status-publish","hentry"],"_links":{"self":[{"href":"http:\/\/skilift-wildental.at\/index.php?rest_route=\/wp\/v2\/pages\/15","targetHints":{"allow":["GET"]}}],"collection":[{"href":"http:\/\/skilift-wildental.at\/index.php?rest_route=\/wp\/v2\/pages"}],"about":[{"href":"http:\/\/skilift-wildental.at\/index.php?rest_route=\/wp\/v2\/types\/page"}],"author":[{"embeddable":true,"href":"http:\/\/skilift-wildental.at\/index.php?rest_route=\/wp\/v2\/users\/1"}],"replies":[{"embeddable":true,"href":"http:\/\/skilift-wildental.at\/index.php?rest_route=%2Fwp%2Fv2%2Fcomments&post=15"}],"version-history":[{"count":50,"href":"http:\/\/skilift-wildental.at\/index.php?rest_route=\/wp\/v2\/pages\/15\/revisions"}],"predecessor-version":[{"id":652,"href":"http:\/\/skilift-wildental.at\/index.php?rest_route=\/wp\/v2\/pages\/15\/revisions\/652"}],"wp:attachment":[{"href":"http:\/\/skilift-wildental.at\/index.php?rest_route=%2Fwp%2Fv2%2Fmedia&parent=15"}],"curies":[{"name":"wp","href":"https:\/\/api.w.org\/{rel}","templated":true}]}}