{"id":42,"date":"2013-03-11T21:06:31","date_gmt":"2013-03-11T19:06:31","guid":{"rendered":"http:\/\/ski.dg7nfo.net\/?page_id=42"},"modified":"2013-06-09T12:53:43","modified_gmt":"2013-06-09T10:53:43","slug":"titelseite","status":"publish","type":"page","link":"http:\/\/skilift-wildental.at\/","title":{"rendered":"Der Familienspa\u00df im H\u00f6fle"},"content":{"rendered":"<p style=\"text-align: left;\"><img loading=\"lazy\" decoding=\"async\" class=\"alignright size-full wp-image-144\" alt=\"IMG_6037\" src=\"http:\/\/skilift-wildental.at\/wp-content\/uploads\/2013\/04\/IMG_6037.jpg\" width=\"270\" height=\"180\" \/><\/p>\n<p>Der Skilift Wildental bietet Spa\u00df im Schnee f\u00fcr die ganze Familie. Egal ob Skifahrer oder Snowboarder, Anf\u00e4nger oder Fortgeschrittener &#8211;\u00a0F\u00fcr \u00a0jeden ist etwas passendes dabei.<\/p>\n<p style=\"text-align: left;\">F\u00fcr die Wintersportler und auch zahlreichen Wanderbegeisterten\u00a0besteht die M\u00f6glichkeit, im oberen Teil der Piste mit wundersch\u00f6nem Panoramablick \u00fcber Mittelberg und die Walser Berge auf der Wildentalh\u00fctte einzukehren. Die H\u00fctte ist problemlos zu Fu\u00df oder per Ski bzw. Snowboard \u00fcber die Piste\u00a0zu erreichen.<\/p>\n<p style=\"text-align: left;\">Durch die Vielfalt an Abfahrten mit den unterschiedlichsten<br \/>\nSchwierigkeitsgraden und das weitl\u00e4ufige Gel\u00e4nde ist der<br \/>\nWildentallift auch ein beliebter Anlaufpunkt von<br \/>\nSkikursen f\u00fcr Jung und Alt.<img loading=\"lazy\" decoding=\"async\" class=\"alignright size-full wp-image-146\" alt=\"IMG_6055\" src=\"http:\/\/skilift-wildental.at\/wp-content\/uploads\/2013\/04\/IMG_6055.jpg\" width=\"270\" height=\"180\" \/><\/p>\n<p style=\"text-align: left;\">Die\u00a0t\u00e4glich frisch pr\u00e4parierten Pisten (bei entsprechendem Wetter &#8211; starker Schneefall durchaus auch einmal unter Tage) und die zus\u00e4tzliche\u00a0Pistenoptimierung durch Teilbeschneiungsanlagen runden das Angebot ab.<\/p>\n<p>&nbsp;<\/p>\n<p>&nbsp;<\/p>\n<p>&nbsp;<\/p>\n","protected":false},"excerpt":{"rendered":"<p>Der Skilift Wildental bietet Spa\u00df im Schnee f\u00fcr die ganze Familie. Egal ob Skifahrer oder Snowboarder, Anf\u00e4nger oder Fortgeschrittener &#8211;\u00a0F\u00fcr \u00a0jeden ist etwas passendes dabei. F\u00fcr die Wintersportler und auch zahlreichen Wanderbegeisterten\u00a0besteht die M\u00f6glichkeit, im oberen Teil der Piste mit wundersch\u00f6nem Panoramablick \u00fcber Mittelberg und die Walser Berge auf der Wildentalh\u00fctte einzukehren. Die H\u00fctte ist &hellip; <a href=\"http:\/\/skilift-wildental.at\/\" class=\"more-link\"><span class=\"screen-reader-text\">\u201eDer Familienspa\u00df im H\u00f6fle\u201c <\/span>weiterlesen<\/a><\/p>\n","protected":false},"author":1,"featured_media":0,"parent":0,"menu_order":0,"comment_status":"closed","ping_status":"closed","template":"","meta":{"ngg_post_thumbnail":0,"footnotes":""},"class_list":["post-42","page","type-page","status-publish","hentry"],"_links":{"self":[{"href":"http:\/\/skilift-wildental.at\/index.php?rest_route=\/wp\/v2\/pages\/42","targetHints":{"allow":["GET"]}}],"collection":[{"href":"http:\/\/skilift-wildental.at\/index.php?rest_route=\/wp\/v2\/pages"}],"about":[{"href":"http:\/\/skilift-wildental.at\/index.php?rest_route=\/wp\/v2\/types\/page"}],"author":[{"embeddable":true,"href":"http:\/\/skilift-wildental.at\/index.php?rest_route=\/wp\/v2\/users\/1"}],"replies":[{"embeddable":true,"href":"http:\/\/skilift-wildental.at\/index.php?rest_route=%2Fwp%2Fv2%2Fcomments&post=42"}],"version-history":[{"count":52,"href":"http:\/\/skilift-wildental.at\/index.php?rest_route=\/wp\/v2\/pages\/42\/revisions"}],"predecessor-version":[{"id":329,"href":"http:\/\/skilift-wildental.at\/index.php?rest_route=\/wp\/v2\/pages\/42\/revisions\/329"}],"wp:attachment":[{"href":"http:\/\/skilift-wildental.at\/index.php?rest_route=%2Fwp%2Fv2%2Fmedia&parent=42"}],"curies":[{"name":"wp","href":"https:\/\/api.w.org\/{rel}","templated":true}]}}